{"id":54,"date":"2026-05-05T10:11:39","date_gmt":"2026-05-05T10:11:39","guid":{"rendered":"https:\/\/zur-dritten-halbzeit.de\/?page_id=54"},"modified":"2026-05-05T18:54:15","modified_gmt":"2026-05-05T18:54:15","slug":"leistungen","status":"publish","type":"page","link":"https:\/\/zur-dritten-halbzeit.de\/index.php\/leistungen\/","title":{"rendered":"Unsere Leistungen f\u00fcr Sie"},"content":{"rendered":"\n<div class=\"wp-block-columns alignwide is-layout-flex wp-container-core-columns-is-layout-28f84493 wp-block-columns-is-layout-flex\">\n<div class=\"wp-block-column is-style-default has-global-padding is-layout-constrained wp-block-column-is-layout-constrained\">\n<h2 class=\"wp-block-heading alignwide has-text-align-center has-base-color has-text-color has-background has-link-color wp-elements-a219080870d5f5980c98b9e26cbbff3b\" style=\"background:linear-gradient(135deg,rgb(85,107,82) 0%,rgb(85,107,82) 100%)\">Location<\/h2>\n\n\n\n<p class=\"is-style-default has-background\" style=\"background:linear-gradient(135deg,rgb(248,244,237) 0%,rgb(248,244,237) 100%)\">Ihr braucht eine Location f\u00fcr eine private Veranstaltung? Dann seid ihr bei uns genau richtig! Ob Taufe, Kommunion, Geburtstag oder Hochzeit, wir machen eure Feiern zu einem unvergesslichen Erlebnis!<\/p>\n\n\n\n<p><\/p>\n\n\n\n<p><\/p>\n<\/div>\n\n\n\n<div class=\"wp-block-column is-layout-flow wp-block-column-is-layout-flow\">\n<h2 class=\"wp-block-heading has-text-align-center has-base-color has-text-color has-background has-link-color wp-elements-29247e11581b433ac3e32fe2c46adf4d\" style=\"background:linear-gradient(135deg,rgb(85,107,82) 0%,rgb(85,107,82) 100%)\">Kulinarik<\/h2>\n\n\n\n<p class=\"has-background\" style=\"background:linear-gradient(135deg,rgb(248,244,237) 0%,rgb(248,244,237) 100%)\">Wir bieten euch dauerhaft Klassiker wie Schnitzel, Currywurst und Pizza, erg\u00e4nzt von zus\u00e4tzlichen Highlights, die ihr auf unserer Wochen-karte finden k\u00f6nnt. Bei privaten Events sind wir offen f\u00fcr eure W\u00fcnsche und bieten auch Speisen und Getr\u00e4nke \u00fcber unser \u00fcbliches Sortiment hinaus f\u00fcr euch an.<\/p>\n<\/div>\n\n\n\n<div class=\"wp-block-column is-layout-flow wp-block-column-is-layout-flow\">\n<h2 class=\"wp-block-heading has-text-align-center has-base-color has-text-color has-background has-link-color wp-elements-118eeefecf57f52ae6e59827fee77e6a\" style=\"background:linear-gradient(135deg,rgb(85,107,82) 0%,rgb(85,107,82) 100%)\">Veranstaltungen<\/h2>\n\n\n\n<p class=\"has-background\" style=\"background:linear-gradient(135deg,rgb(248,244,237) 0%,rgb(248,244,237) 100%)\">Wir m\u00f6chten ein Anlaufpunkt f\u00fcr Bug und die Region sein und veranstalten daher regelm\u00e4\u00dfige Events. Ob Schafkopfrennen, St\u00e4rk-Antrinken, Tanzabende oder Live-\u00dcbertragungen der Fu\u00dfball WM, es soll f\u00fcr jeden etwas dabei sein!<br><\/p>\n<\/div>\n<\/div>\n\n\n\n<p><\/p>\n","protected":false},"excerpt":{"rendered":"<p>Location Ihr braucht eine Location f\u00fcr eine private Veranstaltung? Dann seid ihr bei uns genau richtig! Ob Taufe, Kommunion, Geburtstag oder Hochzeit, wir machen eure Feiern zu einem unvergesslichen Erlebnis! Kulinarik Wir bieten euch dauerhaft Klassiker wie Schnitzel, Currywurst und Pizza, erg\u00e4nzt von zus\u00e4tzlichen Highlights, die ihr auf unserer Wochen-karte finden k\u00f6nnt. Bei privaten Events [&hellip;]<\/p>\n","protected":false},"author":2,"featured_media":0,"parent":0,"menu_order":0,"comment_status":"closed","ping_status":"closed","template":"","meta":{"footnotes":""},"class_list":["post-54","page","type-page","status-publish","hentry"],"_links":{"self":[{"href":"https:\/\/zur-dritten-halbzeit.de\/index.php\/wp-json\/wp\/v2\/pages\/54","targetHints":{"allow":["GET"]}}],"collection":[{"href":"https:\/\/zur-dritten-halbzeit.de\/index.php\/wp-json\/wp\/v2\/pages"}],"about":[{"href":"https:\/\/zur-dritten-halbzeit.de\/index.php\/wp-json\/wp\/v2\/types\/page"}],"author":[{"embeddable":true,"href":"https:\/\/zur-dritten-halbzeit.de\/index.php\/wp-json\/wp\/v2\/users\/2"}],"replies":[{"embeddable":true,"href":"https:\/\/zur-dritten-halbzeit.de\/index.php\/wp-json\/wp\/v2\/comments?post=54"}],"version-history":[{"count":5,"href":"https:\/\/zur-dritten-halbzeit.de\/index.php\/wp-json\/wp\/v2\/pages\/54\/revisions"}],"predecessor-version":[{"id":119,"href":"https:\/\/zur-dritten-halbzeit.de\/index.php\/wp-json\/wp\/v2\/pages\/54\/revisions\/119"}],"wp:attachment":[{"href":"https:\/\/zur-dritten-halbzeit.de\/index.php\/wp-json\/wp\/v2\/media?parent=54"}],"curies":[{"name":"wp","href":"https:\/\/api.w.org\/{rel}","templated":true}]}}