{"id":125,"date":"2026-05-05T18:33:01","date_gmt":"2026-05-05T18:33:01","guid":{"rendered":"https:\/\/zur-dritten-halbzeit.de\/?page_id=125"},"modified":"2026-05-05T18:33:01","modified_gmt":"2026-05-05T18:33:01","slug":"willkommen-in-der-3hz","status":"publish","type":"page","link":"https:\/\/zur-dritten-halbzeit.de\/","title":{"rendered":"Willkommen in der 3HZ"},"content":{"rendered":"\n<p>Essen. Trinken. Heimkommen.<\/p>\n\n\n\n<p>Das war und ist das Leitmotiv unseres Projekts 3HZ.<\/p>\n\n\n\n<p>Wir m\u00f6chten eure Vereinsgastst\u00e4tte f\u00fcr leckeres Essen, erfrischende Getr\u00e4nke und gesellige Momente sein &#8211; nicht nur nach dem Training auf unserer Sportanlage, sondern f\u00fcr Jedermann.<\/p>\n\n\n\n<p>Daf\u00fcr bieten wir euch eine vielseitige K\u00fcche an, mit einer Speisekarte, bei der f\u00fcr jeden etwas dabei ist. Herzhafte Klassiker wie Schnitzel und Currywurst, urige fr\u00e4nkische Sonntagsbraten, aber auch vegetarische und vegane Gerichte.<\/p>\n\n\n\n<p>Regionalit\u00e4t und die Einbindung der Menschen vor Ort ist uns ein gro\u00dfes Anliegen.<\/p>\n\n\n\n<p>Unser junges Team m\u00f6chte euch zu jedem Anlass den passenden Rahmen bieten und hat daf\u00fcr unz\u00e4hlige Stunden f\u00fcr die Renovierung des Gastraums und Au\u00dfenbereichs investiert.<\/p>\n\n\n\n<p>Im stilvollen Mix aus rustikalem Holz und modernen Elementen veranstalten wir gerne eure Familienfeiern, Firmenevents oder Mannschaftsabende.<\/p>\n\n\n\n<p>Wir freuen uns, euch bei uns begr\u00fc\u00dfen zu d\u00fcrfen!<\/p>\n\n\n\n<p><\/p>\n\n\n\n<p>Euer Team der dritten Halbzeit, <br>euer Chris G\u00fcnther!<\/p>\n","protected":false},"excerpt":{"rendered":"<p>Essen. Trinken. Heimkommen. Das war und ist das Leitmotiv unseres Projekts 3HZ. Wir m\u00f6chten eure Vereinsgastst\u00e4tte f\u00fcr leckeres Essen, erfrischende Getr\u00e4nke und gesellige Momente sein &#8211; nicht nur nach dem Training auf unserer Sportanlage, sondern f\u00fcr Jedermann. Daf\u00fcr bieten wir euch eine vielseitige K\u00fcche an, mit einer Speisekarte, bei der f\u00fcr jeden etwas dabei ist. [&hellip;]<\/p>\n","protected":false},"author":2,"featured_media":88,"parent":0,"menu_order":0,"comment_status":"closed","ping_status":"closed","template":"","meta":{"footnotes":""},"class_list":["post-125","page","type-page","status-publish","has-post-thumbnail","hentry"],"_links":{"self":[{"href":"https:\/\/zur-dritten-halbzeit.de\/index.php\/wp-json\/wp\/v2\/pages\/125","targetHints":{"allow":["GET"]}}],"collection":[{"href":"https:\/\/zur-dritten-halbzeit.de\/index.php\/wp-json\/wp\/v2\/pages"}],"about":[{"href":"https:\/\/zur-dritten-halbzeit.de\/index.php\/wp-json\/wp\/v2\/types\/page"}],"author":[{"embeddable":true,"href":"https:\/\/zur-dritten-halbzeit.de\/index.php\/wp-json\/wp\/v2\/users\/2"}],"replies":[{"embeddable":true,"href":"https:\/\/zur-dritten-halbzeit.de\/index.php\/wp-json\/wp\/v2\/comments?post=125"}],"version-history":[{"count":2,"href":"https:\/\/zur-dritten-halbzeit.de\/index.php\/wp-json\/wp\/v2\/pages\/125\/revisions"}],"predecessor-version":[{"id":127,"href":"https:\/\/zur-dritten-halbzeit.de\/index.php\/wp-json\/wp\/v2\/pages\/125\/revisions\/127"}],"wp:featuredmedia":[{"embeddable":true,"href":"https:\/\/zur-dritten-halbzeit.de\/index.php\/wp-json\/wp\/v2\/media\/88"}],"wp:attachment":[{"href":"https:\/\/zur-dritten-halbzeit.de\/index.php\/wp-json\/wp\/v2\/media?parent=125"}],"curies":[{"name":"wp","href":"https:\/\/api.w.org\/{rel}","templated":true}]}}